{"id":8205,"date":"2019-01-11T08:28:00","date_gmt":"2019-01-11T08:28:00","guid":{"rendered":"https:\/\/shinetheme.com\/travelerdata\/tour\/?page_id=8205"},"modified":"2025-09-15T22:49:12","modified_gmt":"2025-09-15T22:49:12","slug":"faqs","status":"publish","type":"page","link":"https:\/\/dolphin-tours.com\/de\/faqs\/","title":{"rendered":"FAQs"},"content":{"rendered":"<div class=\"wpb-content-wrapper\"><div class=\"vc_row wpb_row st bg-holder\"><div class='container'><div class='row'>\n\t<div class=\"wpb_column column_container col-md-9\"><div class=\"vc_column-inner wpb_wrapper\">\n\t\t\t<div class=\"st-faq-new st-faq\">\r\n\t<h3>FAQs<\/h3>\r\n\t\t\t\t\t\t\t\t<div class=\"item active\">\r\n\t\t\t\t\t<div class=\"header\">\r\n\t\t\t\t\t\t<i class=\"input-icon st-border-radius field-icon fa\"><svg height=\"18px\" width=\"18px\" version=\"1.1\" xmlns=\"http:\/\/www.w3.org\/2000\/svg\" xmlns:xlink=\"http:\/\/www.w3.org\/1999\/xlink\" x=\"0px\" y=\"0px\"\r\n     viewbox=\"0 0 24 24\" style=\"enable-background:new 0 0 24 24;\" xml:space=\"preserve\">\r\n\r\n<g fill=\"#5E6D77\">\r\n    <path d=\"M5.25,24c-0.116,0-0.232-0.027-0.336-0.079C4.659,23.793,4.5,23.536,4.5,23.25V19.5H2.25C1.009,19.5,0,18.491,0,17.25v-15        C0,1.009,1.009,0,2.25,0h19.5C22.991,0,24,1.009,24,2.25v15c0,1.241-1.009,2.25-2.25,2.25H11.5l-5.8,4.35        C5.571,23.947,5.411,24,5.25,24z M2.25,1.5C1.836,1.5,1.5,1.836,1.5,2.25v15C1.5,17.664,1.836,18,2.25,18h3        C5.664,18,6,18.336,6,18.75v3l4.8-3.6c0.129-0.097,0.289-0.15,0.45-0.15h10.5c0.414,0,0.75-0.336,0.75-0.75v-15        c0-0.414-0.336-0.75-0.75-0.75H2.25z\"\/>\r\n    <path d=\"M12,12c-0.414,0-0.75-0.336-0.75-0.75v-0.256c-0.001-0.952,0.602-1.805,1.5-2.122c0.897-0.317,1.5-1.17,1.5-2.121        c0-0.6-0.234-1.165-0.66-1.59c-0.425-0.426-0.99-0.66-1.59-0.66c-0.601,0-1.166,0.234-1.591,0.659        C9.984,5.584,9.75,6.149,9.75,6.75C9.75,7.164,9.414,7.5,9,7.5S8.25,7.163,8.25,6.75c0-2.067,1.683-3.749,3.75-3.749        c1.002,0,1.944,0.39,2.652,1.099c0.708,0.709,1.098,1.65,1.098,2.652c0,1.586-1.005,3.006-2.5,3.535        c-0.299,0.106-0.5,0.39-0.5,0.708v0.256C12.75,11.664,12.414,12,12,12z\"\/>\r\n    <circle cx=\"12\" cy=\"14.625\" r=\"1.125\"\/>\r\n<\/g>\r\n<\/svg><\/i>\t\t\t\t\t\t<h5>Wie kann ich eine Tour buchen?<\/h5>\r\n\t\t\t\t\t\t<span class=\"arrow\">\r\n\t\t\t\t\t\t\t<i class=\"fa fa-angle-down\"><\/i>\r\n\t\t\t\t\t\t<\/span>\r\n\t\t\t\t\t<\/div>\r\n\r\n\t\t\t\t\t\t\t\t\t\t\t<div class=\"body\">\r\n\t\t\t\t\t\t\tSie k\u00f6nnen ganz einfach online \u00fcber unsere Website, telefonisch oder \u00fcber WhatsApp buchen. Nach der Buchung erhalten Sie eine Best\u00e4tigungs-E-Mail mit allen Details.\t\t\t\t\t\t<\/div>\r\n\t\t\t\t\t\t\t\t\t<\/div>\r\n\t\t\t\t\t\t\t\t<div class=\"item\">\r\n\t\t\t\t\t<div class=\"header\">\r\n\t\t\t\t\t\t<i class=\"input-icon st-border-radius field-icon fa\"><svg height=\"18px\" width=\"18px\" version=\"1.1\" xmlns=\"http:\/\/www.w3.org\/2000\/svg\" xmlns:xlink=\"http:\/\/www.w3.org\/1999\/xlink\" x=\"0px\" y=\"0px\"\r\n     viewbox=\"0 0 24 24\" style=\"enable-background:new 0 0 24 24;\" xml:space=\"preserve\">\r\n\r\n<g fill=\"#5E6D77\">\r\n    <path d=\"M5.25,24c-0.116,0-0.232-0.027-0.336-0.079C4.659,23.793,4.5,23.536,4.5,23.25V19.5H2.25C1.009,19.5,0,18.491,0,17.25v-15        C0,1.009,1.009,0,2.25,0h19.5C22.991,0,24,1.009,24,2.25v15c0,1.241-1.009,2.25-2.25,2.25H11.5l-5.8,4.35        C5.571,23.947,5.411,24,5.25,24z M2.25,1.5C1.836,1.5,1.5,1.836,1.5,2.25v15C1.5,17.664,1.836,18,2.25,18h3        C5.664,18,6,18.336,6,18.75v3l4.8-3.6c0.129-0.097,0.289-0.15,0.45-0.15h10.5c0.414,0,0.75-0.336,0.75-0.75v-15        c0-0.414-0.336-0.75-0.75-0.75H2.25z\"\/>\r\n    <path d=\"M12,12c-0.414,0-0.75-0.336-0.75-0.75v-0.256c-0.001-0.952,0.602-1.805,1.5-2.122c0.897-0.317,1.5-1.17,1.5-2.121        c0-0.6-0.234-1.165-0.66-1.59c-0.425-0.426-0.99-0.66-1.59-0.66c-0.601,0-1.166,0.234-1.591,0.659        C9.984,5.584,9.75,6.149,9.75,6.75C9.75,7.164,9.414,7.5,9,7.5S8.25,7.163,8.25,6.75c0-2.067,1.683-3.749,3.75-3.749        c1.002,0,1.944,0.39,2.652,1.099c0.708,0.709,1.098,1.65,1.098,2.652c0,1.586-1.005,3.006-2.5,3.535        c-0.299,0.106-0.5,0.39-0.5,0.708v0.256C12.75,11.664,12.414,12,12,12z\"\/>\r\n    <circle cx=\"12\" cy=\"14.625\" r=\"1.125\"\/>\r\n<\/g>\r\n<\/svg><\/i>\t\t\t\t\t\t<h5>Bieten Sie einen Hotelabhol- und -bringservice an?<\/h5>\r\n\t\t\t\t\t\t<span class=\"arrow\">\r\n\t\t\t\t\t\t\t<i class=\"fa fa-angle-down\"><\/i>\r\n\t\t\t\t\t\t<\/span>\r\n\t\t\t\t\t<\/div>\r\n\r\n\t\t\t\t\t\t\t\t\t\t\t<div class=\"body\">\r\n\t\t\t\t\t\t\tJa, die meisten unserer Touren beinhalten einen Abhol- und Bringservice von Hotels in Hurghada. F\u00fcr Hotels au\u00dferhalb von Hurghada k\u00f6nnen zus\u00e4tzliche Geb\u00fchren anfallen.\t\t\t\t\t\t<\/div>\r\n\t\t\t\t\t\t\t\t\t<\/div>\r\n\t\t\t\t\t\t\t\t<div class=\"item\">\r\n\t\t\t\t\t<div class=\"header\">\r\n\t\t\t\t\t\t<i class=\"input-icon st-border-radius field-icon fa\"><svg height=\"18px\" width=\"18px\" version=\"1.1\" xmlns=\"http:\/\/www.w3.org\/2000\/svg\" xmlns:xlink=\"http:\/\/www.w3.org\/1999\/xlink\" x=\"0px\" y=\"0px\"\r\n     viewbox=\"0 0 24 24\" style=\"enable-background:new 0 0 24 24;\" xml:space=\"preserve\">\r\n\r\n<g fill=\"#5E6D77\">\r\n    <path d=\"M5.25,24c-0.116,0-0.232-0.027-0.336-0.079C4.659,23.793,4.5,23.536,4.5,23.25V19.5H2.25C1.009,19.5,0,18.491,0,17.25v-15        C0,1.009,1.009,0,2.25,0h19.5C22.991,0,24,1.009,24,2.25v15c0,1.241-1.009,2.25-2.25,2.25H11.5l-5.8,4.35        C5.571,23.947,5.411,24,5.25,24z M2.25,1.5C1.836,1.5,1.5,1.836,1.5,2.25v15C1.5,17.664,1.836,18,2.25,18h3        C5.664,18,6,18.336,6,18.75v3l4.8-3.6c0.129-0.097,0.289-0.15,0.45-0.15h10.5c0.414,0,0.75-0.336,0.75-0.75v-15        c0-0.414-0.336-0.75-0.75-0.75H2.25z\"\/>\r\n    <path d=\"M12,12c-0.414,0-0.75-0.336-0.75-0.75v-0.256c-0.001-0.952,0.602-1.805,1.5-2.122c0.897-0.317,1.5-1.17,1.5-2.121        c0-0.6-0.234-1.165-0.66-1.59c-0.425-0.426-0.99-0.66-1.59-0.66c-0.601,0-1.166,0.234-1.591,0.659        C9.984,5.584,9.75,6.149,9.75,6.75C9.75,7.164,9.414,7.5,9,7.5S8.25,7.163,8.25,6.75c0-2.067,1.683-3.749,3.75-3.749        c1.002,0,1.944,0.39,2.652,1.099c0.708,0.709,1.098,1.65,1.098,2.652c0,1.586-1.005,3.006-2.5,3.535        c-0.299,0.106-0.5,0.39-0.5,0.708v0.256C12.75,11.664,12.414,12,12,12z\"\/>\r\n    <circle cx=\"12\" cy=\"14.625\" r=\"1.125\"\/>\r\n<\/g>\r\n<\/svg><\/i>\t\t\t\t\t\t<h5>Welche Zahlungsmethoden akzeptieren Sie?<\/h5>\r\n\t\t\t\t\t\t<span class=\"arrow\">\r\n\t\t\t\t\t\t\t<i class=\"fa fa-angle-down\"><\/i>\r\n\t\t\t\t\t\t<\/span>\r\n\t\t\t\t\t<\/div>\r\n\r\n\t\t\t\t\t\t\t\t\t\t\t<div class=\"body\">\r\n\t\t\t\t\t\t\tWir akzeptieren Bargeld in der Landesw\u00e4hrung (EGP) oder in wichtigen Fremdw\u00e4hrungen (USD, EUR) sowie Online-Zahlungen \u00fcber unsere Website.\t\t\t\t\t\t<\/div>\r\n\t\t\t\t\t\t\t\t\t<\/div>\r\n\t\t\t\t\t\t\t\t<div class=\"item\">\r\n\t\t\t\t\t<div class=\"header\">\r\n\t\t\t\t\t\t<i class=\"input-icon st-border-radius field-icon fa\"><svg height=\"18px\" width=\"18px\" version=\"1.1\" xmlns=\"http:\/\/www.w3.org\/2000\/svg\" xmlns:xlink=\"http:\/\/www.w3.org\/1999\/xlink\" x=\"0px\" y=\"0px\"\r\n     viewbox=\"0 0 24 24\" style=\"enable-background:new 0 0 24 24;\" xml:space=\"preserve\">\r\n\r\n<g fill=\"#5E6D77\">\r\n    <path d=\"M5.25,24c-0.116,0-0.232-0.027-0.336-0.079C4.659,23.793,4.5,23.536,4.5,23.25V19.5H2.25C1.009,19.5,0,18.491,0,17.25v-15        C0,1.009,1.009,0,2.25,0h19.5C22.991,0,24,1.009,24,2.25v15c0,1.241-1.009,2.25-2.25,2.25H11.5l-5.8,4.35        C5.571,23.947,5.411,24,5.25,24z M2.25,1.5C1.836,1.5,1.5,1.836,1.5,2.25v15C1.5,17.664,1.836,18,2.25,18h3        C5.664,18,6,18.336,6,18.75v3l4.8-3.6c0.129-0.097,0.289-0.15,0.45-0.15h10.5c0.414,0,0.75-0.336,0.75-0.75v-15        c0-0.414-0.336-0.75-0.75-0.75H2.25z\"\/>\r\n    <path d=\"M12,12c-0.414,0-0.75-0.336-0.75-0.75v-0.256c-0.001-0.952,0.602-1.805,1.5-2.122c0.897-0.317,1.5-1.17,1.5-2.121        c0-0.6-0.234-1.165-0.66-1.59c-0.425-0.426-0.99-0.66-1.59-0.66c-0.601,0-1.166,0.234-1.591,0.659        C9.984,5.584,9.75,6.149,9.75,6.75C9.75,7.164,9.414,7.5,9,7.5S8.25,7.163,8.25,6.75c0-2.067,1.683-3.749,3.75-3.749        c1.002,0,1.944,0.39,2.652,1.099c0.708,0.709,1.098,1.65,1.098,2.652c0,1.586-1.005,3.006-2.5,3.535        c-0.299,0.106-0.5,0.39-0.5,0.708v0.256C12.75,11.664,12.414,12,12,12z\"\/>\r\n    <circle cx=\"12\" cy=\"14.625\" r=\"1.125\"\/>\r\n<\/g>\r\n<\/svg><\/i>\t\t\t\t\t\t<h5>Sind Ihre Touren f\u00fcr Kinder und Familien geeignet?<\/h5>\r\n\t\t\t\t\t\t<span class=\"arrow\">\r\n\t\t\t\t\t\t\t<i class=\"fa fa-angle-down\"><\/i>\r\n\t\t\t\t\t\t<\/span>\r\n\t\t\t\t\t<\/div>\r\n\r\n\t\t\t\t\t\t\t\t\t\t\t<div class=\"body\">\r\n\t\t\t\t\t\t\tAbsolut! Viele unserer Touren sind familienfreundlich und sicher f\u00fcr Kinder. Wir bieten auch Aktivit\u00e4ten an, die f\u00fcr alle Altersgruppen geeignet sind.\t\t\t\t\t\t<\/div>\r\n\t\t\t\t\t\t\t\t\t<\/div>\r\n\t\t\t\t\t\t\t\t<div class=\"item\">\r\n\t\t\t\t\t<div class=\"header\">\r\n\t\t\t\t\t\t<i class=\"input-icon st-border-radius field-icon fa\"><svg height=\"18px\" width=\"18px\" version=\"1.1\" xmlns=\"http:\/\/www.w3.org\/2000\/svg\" xmlns:xlink=\"http:\/\/www.w3.org\/1999\/xlink\" x=\"0px\" y=\"0px\"\r\n     viewbox=\"0 0 24 24\" style=\"enable-background:new 0 0 24 24;\" xml:space=\"preserve\">\r\n\r\n<g fill=\"#5E6D77\">\r\n    <path d=\"M5.25,24c-0.116,0-0.232-0.027-0.336-0.079C4.659,23.793,4.5,23.536,4.5,23.25V19.5H2.25C1.009,19.5,0,18.491,0,17.25v-15        C0,1.009,1.009,0,2.25,0h19.5C22.991,0,24,1.009,24,2.25v15c0,1.241-1.009,2.25-2.25,2.25H11.5l-5.8,4.35        C5.571,23.947,5.411,24,5.25,24z M2.25,1.5C1.836,1.5,1.5,1.836,1.5,2.25v15C1.5,17.664,1.836,18,2.25,18h3        C5.664,18,6,18.336,6,18.75v3l4.8-3.6c0.129-0.097,0.289-0.15,0.45-0.15h10.5c0.414,0,0.75-0.336,0.75-0.75v-15        c0-0.414-0.336-0.75-0.75-0.75H2.25z\"\/>\r\n    <path d=\"M12,12c-0.414,0-0.75-0.336-0.75-0.75v-0.256c-0.001-0.952,0.602-1.805,1.5-2.122c0.897-0.317,1.5-1.17,1.5-2.121        c0-0.6-0.234-1.165-0.66-1.59c-0.425-0.426-0.99-0.66-1.59-0.66c-0.601,0-1.166,0.234-1.591,0.659        C9.984,5.584,9.75,6.149,9.75,6.75C9.75,7.164,9.414,7.5,9,7.5S8.25,7.163,8.25,6.75c0-2.067,1.683-3.749,3.75-3.749        c1.002,0,1.944,0.39,2.652,1.099c0.708,0.709,1.098,1.65,1.098,2.652c0,1.586-1.005,3.006-2.5,3.535        c-0.299,0.106-0.5,0.39-0.5,0.708v0.256C12.75,11.664,12.414,12,12,12z\"\/>\r\n    <circle cx=\"12\" cy=\"14.625\" r=\"1.125\"\/>\r\n<\/g>\r\n<\/svg><\/i>\t\t\t\t\t\t<h5>Was sollte ich auf eine Seereise mitbringen?<\/h5>\r\n\t\t\t\t\t\t<span class=\"arrow\">\r\n\t\t\t\t\t\t\t<i class=\"fa fa-angle-down\"><\/i>\r\n\t\t\t\t\t\t<\/span>\r\n\t\t\t\t\t<\/div>\r\n\r\n\t\t\t\t\t\t\t\t\t\t\t<div class=\"body\">\r\n\t\t\t\t\t\t\tWir empfehlen Badebekleidung, Handtuch, Sonnencreme, Hut, Sonnenbrille und eine Kamera. F\u00fcr kulturelle\/historische Touren sind bequeme Schuhe und dezente Kleidung zu empfehlen.\t\t\t\t\t\t<\/div>\r\n\t\t\t\t\t\t\t\t\t<\/div>\r\n\t\t\t\t\t\t\t\t<div class=\"item\">\r\n\t\t\t\t\t<div class=\"header\">\r\n\t\t\t\t\t\t<i class=\"input-icon st-border-radius field-icon fa\"><svg height=\"18px\" width=\"18px\" version=\"1.1\" xmlns=\"http:\/\/www.w3.org\/2000\/svg\" xmlns:xlink=\"http:\/\/www.w3.org\/1999\/xlink\" x=\"0px\" y=\"0px\"\r\n     viewbox=\"0 0 24 24\" style=\"enable-background:new 0 0 24 24;\" xml:space=\"preserve\">\r\n\r\n<g fill=\"#5E6D77\">\r\n    <path d=\"M5.25,24c-0.116,0-0.232-0.027-0.336-0.079C4.659,23.793,4.5,23.536,4.5,23.25V19.5H2.25C1.009,19.5,0,18.491,0,17.25v-15        C0,1.009,1.009,0,2.25,0h19.5C22.991,0,24,1.009,24,2.25v15c0,1.241-1.009,2.25-2.25,2.25H11.5l-5.8,4.35        C5.571,23.947,5.411,24,5.25,24z M2.25,1.5C1.836,1.5,1.5,1.836,1.5,2.25v15C1.5,17.664,1.836,18,2.25,18h3        C5.664,18,6,18.336,6,18.75v3l4.8-3.6c0.129-0.097,0.289-0.15,0.45-0.15h10.5c0.414,0,0.75-0.336,0.75-0.75v-15        c0-0.414-0.336-0.75-0.75-0.75H2.25z\"\/>\r\n    <path d=\"M12,12c-0.414,0-0.75-0.336-0.75-0.75v-0.256c-0.001-0.952,0.602-1.805,1.5-2.122c0.897-0.317,1.5-1.17,1.5-2.121        c0-0.6-0.234-1.165-0.66-1.59c-0.425-0.426-0.99-0.66-1.59-0.66c-0.601,0-1.166,0.234-1.591,0.659        C9.984,5.584,9.75,6.149,9.75,6.75C9.75,7.164,9.414,7.5,9,7.5S8.25,7.163,8.25,6.75c0-2.067,1.683-3.749,3.75-3.749        c1.002,0,1.944,0.39,2.652,1.099c0.708,0.709,1.098,1.65,1.098,2.652c0,1.586-1.005,3.006-2.5,3.535        c-0.299,0.106-0.5,0.39-0.5,0.708v0.256C12.75,11.664,12.414,12,12,12z\"\/>\r\n    <circle cx=\"12\" cy=\"14.625\" r=\"1.125\"\/>\r\n<\/g>\r\n<\/svg><\/i>\t\t\t\t\t\t<h5>Wie lautet Ihre Stornierungsrichtlinie?<\/h5>\r\n\t\t\t\t\t\t<span class=\"arrow\">\r\n\t\t\t\t\t\t\t<i class=\"fa fa-angle-down\"><\/i>\r\n\t\t\t\t\t\t<\/span>\r\n\t\t\t\t\t<\/div>\r\n\r\n\t\t\t\t\t\t\t\t\t\t\t<div class=\"body\">\r\n\t\t\t\t\t\t\tWenn Sie mindestens 24 Stunden vor der Tour stornieren, erhalten Sie eine volle R\u00fcckerstattung. Bei Last-Minute-Stornierungen kontaktieren Sie uns bitte direkt.\t\t\t\t\t\t<\/div>\r\n\t\t\t\t\t\t\t\t\t<\/div>\r\n\t\t\t\t\t\t\t\t<div class=\"item\">\r\n\t\t\t\t\t<div class=\"header\">\r\n\t\t\t\t\t\t<i class=\"input-icon st-border-radius field-icon fa\"><svg height=\"18px\" width=\"18px\" version=\"1.1\" xmlns=\"http:\/\/www.w3.org\/2000\/svg\" xmlns:xlink=\"http:\/\/www.w3.org\/1999\/xlink\" x=\"0px\" y=\"0px\"\r\n     viewbox=\"0 0 24 24\" style=\"enable-background:new 0 0 24 24;\" xml:space=\"preserve\">\r\n\r\n<g fill=\"#5E6D77\">\r\n    <path d=\"M5.25,24c-0.116,0-0.232-0.027-0.336-0.079C4.659,23.793,4.5,23.536,4.5,23.25V19.5H2.25C1.009,19.5,0,18.491,0,17.25v-15        C0,1.009,1.009,0,2.25,0h19.5C22.991,0,24,1.009,24,2.25v15c0,1.241-1.009,2.25-2.25,2.25H11.5l-5.8,4.35        C5.571,23.947,5.411,24,5.25,24z M2.25,1.5C1.836,1.5,1.5,1.836,1.5,2.25v15C1.5,17.664,1.836,18,2.25,18h3        C5.664,18,6,18.336,6,18.75v3l4.8-3.6c0.129-0.097,0.289-0.15,0.45-0.15h10.5c0.414,0,0.75-0.336,0.75-0.75v-15        c0-0.414-0.336-0.75-0.75-0.75H2.25z\"\/>\r\n    <path d=\"M12,12c-0.414,0-0.75-0.336-0.75-0.75v-0.256c-0.001-0.952,0.602-1.805,1.5-2.122c0.897-0.317,1.5-1.17,1.5-2.121        c0-0.6-0.234-1.165-0.66-1.59c-0.425-0.426-0.99-0.66-1.59-0.66c-0.601,0-1.166,0.234-1.591,0.659        C9.984,5.584,9.75,6.149,9.75,6.75C9.75,7.164,9.414,7.5,9,7.5S8.25,7.163,8.25,6.75c0-2.067,1.683-3.749,3.75-3.749        c1.002,0,1.944,0.39,2.652,1.099c0.708,0.709,1.098,1.65,1.098,2.652c0,1.586-1.005,3.006-2.5,3.535        c-0.299,0.106-0.5,0.39-0.5,0.708v0.256C12.75,11.664,12.414,12,12,12z\"\/>\r\n    <circle cx=\"12\" cy=\"14.625\" r=\"1.125\"\/>\r\n<\/g>\r\n<\/svg><\/i>\t\t\t\t\t\t<h5>Sind Ihre Touren gef\u00fchrt?<\/h5>\r\n\t\t\t\t\t\t<span class=\"arrow\">\r\n\t\t\t\t\t\t\t<i class=\"fa fa-angle-down\"><\/i>\r\n\t\t\t\t\t\t<\/span>\r\n\t\t\t\t\t<\/div>\r\n\r\n\t\t\t\t\t\t\t\t\t\t\t<div class=\"body\">\r\n\t\t\t\t\t\t\tJa, die meisten Touren beinhalten einen professionellen, mehrsprachigen Reisef\u00fchrer, der Sicherheitsanweisungen und Informationen zu den besuchten Orten gibt.\t\t\t\t\t\t<\/div>\r\n\t\t\t\t\t\t\t\t\t<\/div>\r\n\t\t\t\t\t\t\t\t<div class=\"item\">\r\n\t\t\t\t\t<div class=\"header\">\r\n\t\t\t\t\t\t<i class=\"input-icon st-border-radius field-icon fa\"><svg height=\"18px\" width=\"18px\" version=\"1.1\" xmlns=\"http:\/\/www.w3.org\/2000\/svg\" xmlns:xlink=\"http:\/\/www.w3.org\/1999\/xlink\" x=\"0px\" y=\"0px\"\r\n     viewbox=\"0 0 24 24\" style=\"enable-background:new 0 0 24 24;\" xml:space=\"preserve\">\r\n\r\n<g fill=\"#5E6D77\">\r\n    <path d=\"M5.25,24c-0.116,0-0.232-0.027-0.336-0.079C4.659,23.793,4.5,23.536,4.5,23.25V19.5H2.25C1.009,19.5,0,18.491,0,17.25v-15        C0,1.009,1.009,0,2.25,0h19.5C22.991,0,24,1.009,24,2.25v15c0,1.241-1.009,2.25-2.25,2.25H11.5l-5.8,4.35        C5.571,23.947,5.411,24,5.25,24z M2.25,1.5C1.836,1.5,1.5,1.836,1.5,2.25v15C1.5,17.664,1.836,18,2.25,18h3        C5.664,18,6,18.336,6,18.75v3l4.8-3.6c0.129-0.097,0.289-0.15,0.45-0.15h10.5c0.414,0,0.75-0.336,0.75-0.75v-15        c0-0.414-0.336-0.75-0.75-0.75H2.25z\"\/>\r\n    <path d=\"M12,12c-0.414,0-0.75-0.336-0.75-0.75v-0.256c-0.001-0.952,0.602-1.805,1.5-2.122c0.897-0.317,1.5-1.17,1.5-2.121        c0-0.6-0.234-1.165-0.66-1.59c-0.425-0.426-0.99-0.66-1.59-0.66c-0.601,0-1.166,0.234-1.591,0.659        C9.984,5.584,9.75,6.149,9.75,6.75C9.75,7.164,9.414,7.5,9,7.5S8.25,7.163,8.25,6.75c0-2.067,1.683-3.749,3.75-3.749        c1.002,0,1.944,0.39,2.652,1.099c0.708,0.709,1.098,1.65,1.098,2.652c0,1.586-1.005,3.006-2.5,3.535        c-0.299,0.106-0.5,0.39-0.5,0.708v0.256C12.75,11.664,12.414,12,12,12z\"\/>\r\n    <circle cx=\"12\" cy=\"14.625\" r=\"1.125\"\/>\r\n<\/g>\r\n<\/svg><\/i>\t\t\t\t\t\t<h5>Bieten Sie private Touren an?<\/h5>\r\n\t\t\t\t\t\t<span class=\"arrow\">\r\n\t\t\t\t\t\t\t<i class=\"fa fa-angle-down\"><\/i>\r\n\t\t\t\t\t\t<\/span>\r\n\t\t\t\t\t<\/div>\r\n\r\n\t\t\t\t\t\t\t\t\t\t\t<div class=\"body\">\r\n\t\t\t\t\t\t\tJa, wir k\u00f6nnen private Touren (See- oder Landtouren) nach Ihren W\u00fcnschen arrangieren, um ein pers\u00f6nlicheres Erlebnis zu bieten.\t\t\t\t\t\t<\/div>\r\n\t\t\t\t\t\t\t\t\t<\/div>\r\n\t\t\t\t\t\t\t\t<div class=\"item\">\r\n\t\t\t\t\t<div class=\"header\">\r\n\t\t\t\t\t\t<i class=\"input-icon st-border-radius field-icon fa\"><svg height=\"18px\" width=\"18px\" version=\"1.1\" xmlns=\"http:\/\/www.w3.org\/2000\/svg\" xmlns:xlink=\"http:\/\/www.w3.org\/1999\/xlink\" x=\"0px\" y=\"0px\"\r\n     viewbox=\"0 0 24 24\" style=\"enable-background:new 0 0 24 24;\" xml:space=\"preserve\">\r\n\r\n<g fill=\"#5E6D77\">\r\n    <path d=\"M5.25,24c-0.116,0-0.232-0.027-0.336-0.079C4.659,23.793,4.5,23.536,4.5,23.25V19.5H2.25C1.009,19.5,0,18.491,0,17.25v-15        C0,1.009,1.009,0,2.25,0h19.5C22.991,0,24,1.009,24,2.25v15c0,1.241-1.009,2.25-2.25,2.25H11.5l-5.8,4.35        C5.571,23.947,5.411,24,5.25,24z M2.25,1.5C1.836,1.5,1.5,1.836,1.5,2.25v15C1.5,17.664,1.836,18,2.25,18h3        C5.664,18,6,18.336,6,18.75v3l4.8-3.6c0.129-0.097,0.289-0.15,0.45-0.15h10.5c0.414,0,0.75-0.336,0.75-0.75v-15        c0-0.414-0.336-0.75-0.75-0.75H2.25z\"\/>\r\n    <path d=\"M12,12c-0.414,0-0.75-0.336-0.75-0.75v-0.256c-0.001-0.952,0.602-1.805,1.5-2.122c0.897-0.317,1.5-1.17,1.5-2.121        c0-0.6-0.234-1.165-0.66-1.59c-0.425-0.426-0.99-0.66-1.59-0.66c-0.601,0-1.166,0.234-1.591,0.659        C9.984,5.584,9.75,6.149,9.75,6.75C9.75,7.164,9.414,7.5,9,7.5S8.25,7.163,8.25,6.75c0-2.067,1.683-3.749,3.75-3.749        c1.002,0,1.944,0.39,2.652,1.099c0.708,0.709,1.098,1.65,1.098,2.652c0,1.586-1.005,3.006-2.5,3.535        c-0.299,0.106-0.5,0.39-0.5,0.708v0.256C12.75,11.664,12.414,12,12,12z\"\/>\r\n    <circle cx=\"12\" cy=\"14.625\" r=\"1.125\"\/>\r\n<\/g>\r\n<\/svg><\/i>\t\t\t\t\t\t<h5> Ist eine Reiseversicherung enthalten?<\/h5>\r\n\t\t\t\t\t\t<span class=\"arrow\">\r\n\t\t\t\t\t\t\t<i class=\"fa fa-angle-down\"><\/i>\r\n\t\t\t\t\t\t<\/span>\r\n\t\t\t\t\t<\/div>\r\n\r\n\t\t\t\t\t\t\t\t\t\t\t<div class=\"body\">\r\n\t\t\t\t\t\t\tGrundlegender Versicherungsschutz ist enthalten, aber wir empfehlen, eine pers\u00f6nliche Reiseversicherung abzuschlie\u00dfen, um zus\u00e4tzliche Sicherheit zu haben.\t\t\t\t\t\t<\/div>\r\n\t\t\t\t\t\t\t\t\t<\/div>\r\n\t\t\t\t\t\t\t\t<div class=\"item\">\r\n\t\t\t\t\t<div class=\"header\">\r\n\t\t\t\t\t\t<i class=\"input-icon st-border-radius field-icon fa\"><svg height=\"18px\" width=\"18px\" version=\"1.1\" xmlns=\"http:\/\/www.w3.org\/2000\/svg\" xmlns:xlink=\"http:\/\/www.w3.org\/1999\/xlink\" x=\"0px\" y=\"0px\"\r\n     viewbox=\"0 0 24 24\" style=\"enable-background:new 0 0 24 24;\" xml:space=\"preserve\">\r\n\r\n<g fill=\"#5E6D77\">\r\n    <path d=\"M5.25,24c-0.116,0-0.232-0.027-0.336-0.079C4.659,23.793,4.5,23.536,4.5,23.25V19.5H2.25C1.009,19.5,0,18.491,0,17.25v-15        C0,1.009,1.009,0,2.25,0h19.5C22.991,0,24,1.009,24,2.25v15c0,1.241-1.009,2.25-2.25,2.25H11.5l-5.8,4.35        C5.571,23.947,5.411,24,5.25,24z M2.25,1.5C1.836,1.5,1.5,1.836,1.5,2.25v15C1.5,17.664,1.836,18,2.25,18h3        C5.664,18,6,18.336,6,18.75v3l4.8-3.6c0.129-0.097,0.289-0.15,0.45-0.15h10.5c0.414,0,0.75-0.336,0.75-0.75v-15        c0-0.414-0.336-0.75-0.75-0.75H2.25z\"\/>\r\n    <path d=\"M12,12c-0.414,0-0.75-0.336-0.75-0.75v-0.256c-0.001-0.952,0.602-1.805,1.5-2.122c0.897-0.317,1.5-1.17,1.5-2.121        c0-0.6-0.234-1.165-0.66-1.59c-0.425-0.426-0.99-0.66-1.59-0.66c-0.601,0-1.166,0.234-1.591,0.659        C9.984,5.584,9.75,6.149,9.75,6.75C9.75,7.164,9.414,7.5,9,7.5S8.25,7.163,8.25,6.75c0-2.067,1.683-3.749,3.75-3.749        c1.002,0,1.944,0.39,2.652,1.099c0.708,0.709,1.098,1.65,1.098,2.652c0,1.586-1.005,3.006-2.5,3.535        c-0.299,0.106-0.5,0.39-0.5,0.708v0.256C12.75,11.664,12.414,12,12,12z\"\/>\r\n    <circle cx=\"12\" cy=\"14.625\" r=\"1.125\"\/>\r\n<\/g>\r\n<\/svg><\/i>\t\t\t\t\t\t<h5>Welche Sprachen sprechen Ihre Reisef\u00fchrer?<\/h5>\r\n\t\t\t\t\t\t<span class=\"arrow\">\r\n\t\t\t\t\t\t\t<i class=\"fa fa-angle-down\"><\/i>\r\n\t\t\t\t\t\t<\/span>\r\n\t\t\t\t\t<\/div>\r\n\r\n\t\t\t\t\t\t\t\t\t\t\t<div class=\"body\">\r\n\t\t\t\t\t\t\tDie meisten unserer Reiseleiter sprechen Englisch, Deutsch, Russisch und Arabisch. Weitere Sprachen sind auf Anfrage verf\u00fcgbar.\t\t\t\t\t\t<\/div>\r\n\t\t\t\t\t\t\t\t\t<\/div>\r\n\t\t\t\t\t\t\t<\/div>\r\n<div class=\"vc_empty_space\"   style=\"height: 32px\"><span class=\"vc_empty_space_inner\"><\/span><\/div><\/div>\n\t<\/div> \n\n\t<div class=\"wpb_column column_container col-md-3\"><div class=\"vc_column-inner wpb_wrapper\">\n\t\t\t<div class=\"vc_empty_space\"   style=\"height: 32px\"><span class=\"vc_empty_space_inner\"><\/span><\/div><div class=\"st-related-service-new\">\r\n            <div class=\"e-title-wrapper\">\r\n            <h3 class=\"e-title\">RELATED TOURS<\/h3>\r\n        <\/div>\r\n        <div class=\"item\">\r\n    <div class=\"thumb\">\r\n        <a href=\"https:\/\/dolphin-tours.com\/de\/st_tour\/cairo-trip\/\">\r\n            <img decoding=\"async\" src=\"https:\/\/dolphin-tours.com\/wp-content\/uploads\/2025\/09\/Giza-5-1-80x80.jpg\" alt=\"Cairo Trip\"\r\n                 class=\"img-responsive img-full\">\r\n        <\/a>\r\n    <\/div>\r\n    <div class=\"content\">\r\n        <h3 class=\"title\"><a href=\"https:\/\/dolphin-tours.com\/de\/st_tour\/cairo-trip\/\" class=\"st-link c-main\">Cairo Trip<\/a><\/h3>\r\n        <div class=\"price-wrapper\">\r\n            from <span class=\"price\"><span class=\"text-lg lh1em item\"> $90,10<\/span><\/span>\r\n        <\/div>\r\n    <\/div>\r\n<\/div><div class=\"item\">\r\n    <div class=\"thumb\">\r\n        <a href=\"https:\/\/dolphin-tours.com\/de\/st_tour\/diving-trip\/\">\r\n            <img decoding=\"async\" src=\"https:\/\/dolphin-tours.com\/wp-content\/uploads\/2025\/09\/Diving-1-1-80x80.jpg\" alt=\"Diving Trip\"\r\n                 class=\"img-responsive img-full\">\r\n        <\/a>\r\n    <\/div>\r\n    <div class=\"content\">\r\n        <h3 class=\"title\"><a href=\"https:\/\/dolphin-tours.com\/de\/st_tour\/diving-trip\/\" class=\"st-link c-main\">Diving Trip<\/a><\/h3>\r\n        <div class=\"price-wrapper\">\r\n            from <span class=\"price\"><span class=\"text-lg lh1em item\"> $0,00<\/span><\/span>\r\n        <\/div>\r\n    <\/div>\r\n<\/div><div class=\"item\">\r\n    <div class=\"thumb\">\r\n        <a href=\"https:\/\/dolphin-tours.com\/de\/st_tour\/dolphin-house\/\">\r\n            <img decoding=\"async\" src=\"https:\/\/dolphin-tours.com\/wp-content\/uploads\/2025\/09\/Diving-10-1-80x80.jpg\" alt=\"Dolphin House\"\r\n                 class=\"img-responsive img-full\">\r\n        <\/a>\r\n    <\/div>\r\n    <div class=\"content\">\r\n        <h3 class=\"title\"><a href=\"https:\/\/dolphin-tours.com\/de\/st_tour\/dolphin-house\/\" class=\"st-link c-main\">Dolphin House<\/a><\/h3>\r\n        <div class=\"price-wrapper\">\r\n            from <span class=\"price\"><span class=\"text-lg lh1em item\"> $0,00<\/span><\/span>\r\n        <\/div>\r\n    <\/div>\r\n<\/div><div class=\"item\">\r\n    <div class=\"thumb\">\r\n        <a href=\"https:\/\/dolphin-tours.com\/de\/st_tour\/dolphin-show\/\">\r\n            <img decoding=\"async\" src=\"https:\/\/dolphin-tours.com\/wp-content\/uploads\/2025\/09\/Dolphin-1-80x80.jpg\" alt=\"Dolphin Show\"\r\n                 class=\"img-responsive img-full\">\r\n        <\/a>\r\n    <\/div>\r\n    <div class=\"content\">\r\n        <h3 class=\"title\"><a href=\"https:\/\/dolphin-tours.com\/de\/st_tour\/dolphin-show\/\" class=\"st-link c-main\">Dolphin Show<\/a><\/h3>\r\n        <div class=\"price-wrapper\">\r\n            from <span class=\"price\"><span class=\"text-lg lh1em item\"> $26,50<\/span><\/span>\r\n        <\/div>\r\n    <\/div>\r\n<\/div><\/div>\r\n<\/div>\n\t<\/div> \n<\/div><!--End .row--><\/div><!--End .container--><\/div>\n<\/div>","protected":false},"excerpt":{"rendered":"FAQs How can I book a tour? You can easily book online through our website, by phone, or via WhatsApp. After booking, you\u2019ll receive a confirmation email with all details. Do you provide hotel pickup and drop-off? Yes, most of our tours include pickup and drop-off from hotels in Hurghada. Extra charges may apply for [...]","protected":false},"author":1,"featured_media":10245,"parent":0,"menu_order":0,"comment_status":"closed","ping_status":"closed","template":"template-home-modern.php","meta":{"footnotes":""},"class_list":["post-8205","page","type-page","status-publish","has-post-thumbnail","hentry"],"_links":{"self":[{"href":"https:\/\/dolphin-tours.com\/de\/wp-json\/wp\/v2\/pages\/8205","targetHints":{"allow":["GET"]}}],"collection":[{"href":"https:\/\/dolphin-tours.com\/de\/wp-json\/wp\/v2\/pages"}],"about":[{"href":"https:\/\/dolphin-tours.com\/de\/wp-json\/wp\/v2\/types\/page"}],"author":[{"embeddable":true,"href":"https:\/\/dolphin-tours.com\/de\/wp-json\/wp\/v2\/users\/1"}],"replies":[{"embeddable":true,"href":"https:\/\/dolphin-tours.com\/de\/wp-json\/wp\/v2\/comments?post=8205"}],"version-history":[{"count":0,"href":"https:\/\/dolphin-tours.com\/de\/wp-json\/wp\/v2\/pages\/8205\/revisions"}],"wp:featuredmedia":[{"embeddable":true,"href":"https:\/\/dolphin-tours.com\/de\/wp-json\/wp\/v2\/media\/10245"}],"wp:attachment":[{"href":"https:\/\/dolphin-tours.com\/de\/wp-json\/wp\/v2\/media?parent=8205"}],"curies":[{"name":"wp","href":"https:\/\/api.w.org\/{rel}","templated":true}]}}