{"id":8028,"date":"2018-12-10T03:06:47","date_gmt":"2018-12-10T03:06:47","guid":{"rendered":"http:\/\/travelhotel.wpengine.com\/?page_id=8028"},"modified":"2025-09-16T21:03:49","modified_gmt":"2025-09-16T21:03:49","slug":"about-us","status":"publish","type":"page","link":"https:\/\/dolphin-tours.com\/pl\/about-us\/","title":{"rendered":"O nas"},"content":{"rendered":"<div class=\"wpb-content-wrapper\"><div class=\"vc_row wpb_row st bg-holder\"><div class='container'><div class='row'>\n\t<div class=\"wpb_column column_container col-md-12\"><div class=\"vc_column-inner wpb_wrapper\">\n\t\t\t<div class=\"vc_empty_space\"   style=\"height: 60px\"><span class=\"vc_empty_space_inner\"><\/span><\/div><\/div>\n\t<\/div> \n<\/div><!--End .row--><\/div><!--End .container--><\/div><div class=\"vc_row wpb_row st bg-holder\"><div class='container'><div class='row'>\n\t<div class=\"wpb_column column_container col-md-6\"><div class=\"vc_column-inner wpb_wrapper\">\n\t\t\t\n\t<div  class=\"wpb_single_image wpb_content_element vc_align_center wpb_content_element vc_custom_1758056145948\">\n\t\t\n\t\t<figure class=\"wpb_wrapper vc_figure\">\n\t\t\t<div class=\"vc_single_image-wrapper   vc_box_border_grey\"><img decoding=\"async\" width=\"1440\" height=\"1440\" src=\"https:\/\/dolphin-tours.com\/wp-content\/uploads\/2025\/09\/Dolphin-logo-transparent-1.png\" class=\"vc_single_image-img attachment-full\" alt=\"\" title=\"Dolphin-logo- transparent\" srcset=\"https:\/\/dolphin-tours.com\/wp-content\/uploads\/2025\/09\/Dolphin-logo-transparent-1.png 1440w, https:\/\/dolphin-tours.com\/wp-content\/uploads\/2025\/09\/Dolphin-logo-transparent-1-768x768.png 768w, https:\/\/dolphin-tours.com\/wp-content\/uploads\/2025\/09\/Dolphin-logo-transparent-1-1536x1536.png 1536w, https:\/\/dolphin-tours.com\/wp-content\/uploads\/2025\/09\/Dolphin-logo-transparent-1-2048x2048.png 2048w, https:\/\/dolphin-tours.com\/wp-content\/uploads\/2025\/09\/Dolphin-logo-transparent-1-300x300.png 300w, https:\/\/dolphin-tours.com\/wp-content\/uploads\/2025\/09\/Dolphin-logo-transparent-1-600x600.png 600w, https:\/\/dolphin-tours.com\/wp-content\/uploads\/2025\/09\/Dolphin-logo-transparent-1-100x100.png 100w\" sizes=\"(max-width: 1440px) 100vw, 1440px\" \/><\/div>\n\t\t<\/figure>\n\t<\/div>\n\n\t<div class=\"wpb_text_column wpb_content_element st-aboutus-title\" >\n\t\t<div class=\"wpb_wrapper\">\n\t\t\t<h3>Nasza historia<\/h3>\n\n\t\t<\/div>\n\t<\/div>\n\n\t<div class=\"wpb_text_column wpb_content_element st-aboutus-content\" >\n\t\t<div class=\"wpb_wrapper\">\n\t\t\t<p>W Dolphin Tours jeste\u015bmy czym\u015b wi\u0119cej ni\u017c tylko biurem podr\u00f3\u017cy \u2013 jeste\u015bmy zespo\u0142em ekspert\u00f3w turystycznych z wieloletnim do\u015bwiadczeniem w bran\u017cy turystycznej Egiptu. Dzi\u0119ki latom wiedzy i pasji nasz personel wie, jak tworzy\u0107 najlepsze plany podr\u00f3\u017cy i wycieczki po ca\u0142ym Egipcie, od Morza Czerwonego po Dolin\u0119 Nilu.<\/p>\n\n\t\t<\/div>\n\t<\/div>\n<div class=\"vc_empty_space\"   style=\"height: 30px\"><span class=\"vc_empty_space_inner\"><\/span><\/div><\/div>\n\t<\/div> \n\n\t<div class=\"wpb_column column_container col-md-6\"><div class=\"vc_column-inner wpb_wrapper\">\n\t\t\t\n\t<div  class=\"wpb_single_image wpb_content_element vc_align_center wpb_content_element\">\n\t\t\n\t\t<figure class=\"wpb_wrapper vc_figure\">\n\t\t\t<div class=\"vc_single_image-wrapper   vc_box_border_grey\"><img decoding=\"async\" width=\"1000\" height=\"646\" src=\"https:\/\/dolphin-tours.com\/wp-content\/uploads\/2025\/09\/Luxor-1-1.jpg\" class=\"vc_single_image-img attachment-full\" alt=\"\" title=\"Panorama,Of,Cairo,Cityscape,Taken,During,The,Sunset,From,The\" srcset=\"https:\/\/dolphin-tours.com\/wp-content\/uploads\/2025\/09\/Luxor-1-1.jpg 1000w, https:\/\/dolphin-tours.com\/wp-content\/uploads\/2025\/09\/Luxor-1-1-768x496.jpg 768w, https:\/\/dolphin-tours.com\/wp-content\/uploads\/2025\/09\/Luxor-1-1-600x387.jpg 600w, https:\/\/dolphin-tours.com\/wp-content\/uploads\/2025\/09\/Luxor-1-1-18x12.jpg 18w\" sizes=\"(max-width: 1000px) 100vw, 1000px\" \/><\/div>\n\t\t<\/figure>\n\t<\/div>\n\n\t<div class=\"wpb_text_column wpb_content_element st-aboutus-title\" >\n\t\t<div class=\"wpb_wrapper\">\n\t\t\t<h3>Nasza misja<\/h3>\n\n\t\t<\/div>\n\t<\/div>\n\n\t<div class=\"wpb_text_column wpb_content_element st-aboutus-content\" >\n\t\t<div class=\"wpb_wrapper\">\n\t\t\t<p>Nasza misja jest prosta: \u0142\u0105czy\u0107 profesjonaln\u0105 obs\u0142ug\u0119 z autentycznymi do\u015bwiadczeniami, zapewniaj\u0105c, \u017ce ka\u017cdy go\u015b\u0107 cieszy si\u0119 wycieczkami najwy\u017cszej jako\u015bci, komfortem i niezapomnianymi wspomnieniami. Niezale\u017cnie od tego, czy szukasz relaksu, przygody, czy kultury, nasz do\u015bwiadczony zesp\u00f3\u0142 sprawi, \u017ce Tw\u00f3j urlop b\u0119dzie naprawd\u0119 wyj\u0105tkowy.<\/p>\n\n\t\t<\/div>\n\t<\/div>\n<div class=\"vc_empty_space\"   style=\"height: 30px\"><span class=\"vc_empty_space_inner\"><\/span><\/div><\/div>\n\t<\/div> \n<\/div><!--End .row--><\/div><!--End .container--><\/div><div class=\"vc_row wpb_row st bg-holder\"><div class='container'><div class='row'>\n\t<div class=\"wpb_column column_container col-md-12\"><div class=\"vc_column-inner wpb_wrapper\">\n\t\t\t<div class=\"vc_empty_space\"   style=\"height: 20px\"><span class=\"vc_empty_space_inner\"><\/span><\/div><div class=\"st-list-statistic\"><div class=\"row\">            <div class=\"col-md-3 col-sm-6\">\r\n                <div class=\"item-wrapper\">\r\n                    <div class=\"item\">\r\n                        <div class=\"front\">\r\n                            <div class=\"inner\">\r\n                                <h4>10+<\/h4>\r\n                                <p class=\"sub-text\">Years of Experience in Tourism<\/p>\r\n                            <\/div>\r\n                        <\/div>\r\n                        <div class=\"end\">\r\n                            <p class=\"desc\">Z ponad dziesi\u0119cioletnim do\u015bwiadczeniem, nasz profesjonalny zesp\u00f3\u0142 wie, jak tworzy\u0107 idealne do\u015bwiadczenia podr\u00f3\u017cnicze, \u0142\u0105cz\u0105c bezpiecze\u0144stwo, komfort i niezapomniane przygody w Egipcie.<\/p>\r\n                        <\/div>\r\n                    <\/div>\r\n                <\/div>\r\n            <\/div>\r\n                        <div class=\"col-md-3 col-sm-6\">\r\n                <div class=\"item-wrapper\">\r\n                    <div class=\"item\">\r\n                        <div class=\"front\">\r\n                            <div class=\"inner\">\r\n                                <h4>25+<\/h4>\r\n                                <p class=\"sub-text\">Unique Tours in Egypt<\/p>\r\n                            <\/div>\r\n                        <\/div>\r\n                        <div class=\"end\">\r\n                            <p class=\"desc\">Od nurkowania i snorkelingu w Morzu Czerwonym po zwiedzanie staro\u017cytnych \u015bwi\u0105ty\u0144 w Luksorze i Kairze, oferujemy szerok\u0105 gam\u0119 starannie zaplanowanych wycieczek, kt\u00f3re spe\u0142ni\u0105 marzenia ka\u017cdego podr\u00f3\u017cnika.<\/p>\r\n                        <\/div>\r\n                    <\/div>\r\n                <\/div>\r\n            <\/div>\r\n                        <div class=\"col-md-3 col-sm-6\">\r\n                <div class=\"item-wrapper\">\r\n                    <div class=\"item\">\r\n                        <div class=\"front\">\r\n                            <div class=\"inner\">\r\n                                <h4>15+<\/h4>\r\n                                <p class=\"sub-text\">Destinations across Red Sea &amp; Nile Valley<\/p>\r\n                            <\/div>\r\n                        <\/div>\r\n                        <div class=\"end\">\r\n                            <p class=\"desc\">Odkryj to, co najlepsze w Egipcie \u2014 od t\u0119tni\u0105cego \u017cycia morskiego w Hurghadzie i Sharm El-Sheikh po ponadczasowe cuda Doliny Nilu w Luksorze i Asuan.<\/p>\r\n                        <\/div>\r\n                    <\/div>\r\n                <\/div>\r\n            <\/div>\r\n                        <div class=\"col-md-3 col-sm-6\">\r\n                <div class=\"item-wrapper\">\r\n                    <div class=\"item\">\r\n                        <div class=\"front\">\r\n                            <div class=\"inner\">\r\n                                <h4>1k+<\/h4>\r\n                                <p class=\"sub-text\">Happy Travelers served<\/p>\r\n                            <\/div>\r\n                        <\/div>\r\n                        <div class=\"end\">\r\n                            <p class=\"desc\">Tysi\u0105ce zadowolonych go\u015bci zaufa\u0142o Dolphin Tours podczas swoich wakacji, tworz\u0105c niezapomniane wspomnienia i wracaj\u0105c do domu z historiami do opowiedzenia.<\/p>\r\n                        <\/div>\r\n                    <\/div>\r\n                <\/div>\r\n            <\/div>\r\n            <\/div><\/div><div class=\"vc_empty_space\"   style=\"height: 65px\"><span class=\"vc_empty_space_inner\"><\/span><\/div><\/div>\n\t<\/div> \n<\/div><!--End .row--><\/div><!--End .container--><\/div>\n<\/div>","protected":false},"excerpt":{"rendered":"Our Story At Dolphin Tours, we are more than just a tour company we are a team of travel experts with long-standing experience in Egypt\u2019s tourism industry. With years of knowledge and passion, our staff know how to design the best travel plans and excursions across Egypt, from the Red Sea to the Nile Valley. [...]","protected":false},"author":1,"featured_media":10245,"parent":0,"menu_order":0,"comment_status":"closed","ping_status":"closed","template":"template-home-modern.php","meta":{"footnotes":""},"class_list":["post-8028","page","type-page","status-publish","has-post-thumbnail","hentry"],"_links":{"self":[{"href":"https:\/\/dolphin-tours.com\/pl\/wp-json\/wp\/v2\/pages\/8028","targetHints":{"allow":["GET"]}}],"collection":[{"href":"https:\/\/dolphin-tours.com\/pl\/wp-json\/wp\/v2\/pages"}],"about":[{"href":"https:\/\/dolphin-tours.com\/pl\/wp-json\/wp\/v2\/types\/page"}],"author":[{"embeddable":true,"href":"https:\/\/dolphin-tours.com\/pl\/wp-json\/wp\/v2\/users\/1"}],"replies":[{"embeddable":true,"href":"https:\/\/dolphin-tours.com\/pl\/wp-json\/wp\/v2\/comments?post=8028"}],"version-history":[{"count":0,"href":"https:\/\/dolphin-tours.com\/pl\/wp-json\/wp\/v2\/pages\/8028\/revisions"}],"wp:featuredmedia":[{"embeddable":true,"href":"https:\/\/dolphin-tours.com\/pl\/wp-json\/wp\/v2\/media\/10245"}],"wp:attachment":[{"href":"https:\/\/dolphin-tours.com\/pl\/wp-json\/wp\/v2\/media?parent=8028"}],"curies":[{"name":"wp","href":"https:\/\/api.w.org\/{rel}","templated":true}]}}